{"id":3719,"date":"2021-02-23T12:44:33","date_gmt":"2021-02-23T10:44:33","guid":{"rendered":"https:\/\/www.iatros-klinik.de\/orthopaedie\/"},"modified":"2021-02-24T10:01:43","modified_gmt":"2021-02-24T08:01:43","slug":"orthopedics","status":"publish","type":"page","link":"https:\/\/www.iatros-klinik.de\/en\/orthopedics\/","title":{"rendered":"Orthopedics"},"content":{"rendered":"\n<style type=\"text\/css\" data-created_by=\"avia_inline_auto\" id=\"style-css-av-klhvrj7v-7c8155c735b8f12c491e59adb1a1f525\">\n.avia-section.av-klhvrj7v-7c8155c735b8f12c491e59adb1a1f525{\nmargin-top:0px;\nmargin-bottom:-0px;\n}\n.avia-section.av-klhvrj7v-7c8155c735b8f12c491e59adb1a1f525 .av-parallax .av-parallax-inner{\nbackground-repeat:no-repeat;\nbackground-image:url(https:\/\/www.iatros-klinik.de\/wp-content\/uploads\/2021\/01\/schoettle.jpg);\nbackground-position:100% 0%;\nbackground-attachment:scroll;\n}\n<\/style>\n<div id='av_section_1'  class='avia-section av-klhvrj7v-7c8155c735b8f12c491e59adb1a1f525 main_color avia-section-default avia-no-border-styling  avia-builder-el-0  el_before_av_section  avia-builder-el-first  avia-full-stretch av-parallax-section avia-bg-style-parallax av-minimum-height av-minimum-height-50 av-height-50  container_wrap fullsize'  data-section-bg-repeat='stretch' data-av_minimum_height_pc='50' data-av_min_height_opt='50'><div class='av-parallax' data-avia-parallax-ratio='0.3' ><div class='av-parallax-inner main_color avia-full-stretch'><\/div><\/div><div class='container av-section-cont-open' ><main  role=\"main\" itemprop=\"mainContentOfPage\"  class='template-page content  av-content-full alpha units'><div class='post-entry post-entry-type-page post-entry-3719'><div class='entry-content-wrapper clearfix'>\n\n<style type=\"text\/css\" data-created_by=\"avia_inline_auto\" id=\"style-css-av-38kyrx-15ff28342adc480cc7ba85c088324d3c\">\n.flex_column.av-38kyrx-15ff28342adc480cc7ba85c088324d3c{\nborder-radius:0px 0px 0px 0px;\npadding:0px 0px 0px 0px;\n}\n<\/style>\n<div  class='flex_column av-38kyrx-15ff28342adc480cc7ba85c088324d3c av_three_fifth  avia-builder-el-1  avia-builder-el-no-sibling  first flex_column_div av-hide-on-mobile av-zero-column-padding  '     ><p>\n<style type=\"text\/css\" data-created_by=\"avia_inline_auto\" id=\"style-css-av-klj551uu-9c70e1ea859dedee6c4bcfda57392b51\">\n#top .av-special-heading.av-klj551uu-9c70e1ea859dedee6c4bcfda57392b51{\nmargin:0 0 30px 0;\npadding-bottom:10px;\n}\nbody .av-special-heading.av-klj551uu-9c70e1ea859dedee6c4bcfda57392b51 .av-special-heading-tag .heading-char{\nfont-size:25px;\n}\n.av-special-heading.av-klj551uu-9c70e1ea859dedee6c4bcfda57392b51 .av-subheading{\nfont-size:15px;\n}\n<\/style>\n<div  class='av-special-heading av-klj551uu-9c70e1ea859dedee6c4bcfda57392b51 av-special-heading-h2 blockquote modern-quote  avia-builder-el-2  el_before_av_textblock  avia-builder-el-first '><h2 class='av-special-heading-tag '  itemprop=\"headline\"  >Main department of orthopedics, trauma surgery<\/h2><div class=\"special-heading-border\"><div class=\"special-heading-inner-border\"><\/div><\/div><\/div><br \/>\n<section  class='av_textblock_section av-klhwahjr-386462a2e8813092b9f2dd2cc6d15191 '   itemscope=\"itemscope\" itemtype=\"https:\/\/schema.org\/CreativeWork\" ><div class='avia_textblock'  itemprop=\"text\" ><p>Since 2020 Prof. Dr. med. Philip Schoettle the main department for orthopedics and trauma surgery at the Iatros Clinic in Munich.<\/p>\n<p><a href=\"http:\/\/www.prof-schoettle.de\/\">Prof. Dr. med. Philip Sch\u00f6ttle <\/a>is also the medical director of the Knee and Health Institute in the city center &#8211; an institute that specializes in both orthopedics and regenerative medicine.<\/p>\n<\/div><\/section><\/p><\/div><\/div><\/div><\/main><!-- close content main element --><\/div><\/div><div id='av_section_2'  class='avia-section av-klhwtu2e-5d87a496ad7e249d9f58815703f9261b main_color avia-section-default avia-no-border-styling  avia-builder-el-4  el_after_av_section  el_before_av_one_full  av-desktop-hide av-medium-hide avia-bg-style-scroll container_wrap fullsize'  ><div class='container av-section-cont-open' ><div class='template-page content  av-content-full alpha units'><div class='post-entry post-entry-type-page post-entry-3719'><div class='entry-content-wrapper clearfix'>\n\n<style type=\"text\/css\" data-created_by=\"avia_inline_auto\" id=\"style-css-av-klj57n69-ad1bc31acda61a92cbe1801488cfacae\">\n#top .av-special-heading.av-klj57n69-ad1bc31acda61a92cbe1801488cfacae{\nmargin:0 0 30px 0;\npadding-bottom:10px;\n}\nbody .av-special-heading.av-klj57n69-ad1bc31acda61a92cbe1801488cfacae .av-special-heading-tag .heading-char{\nfont-size:25px;\n}\n.av-special-heading.av-klj57n69-ad1bc31acda61a92cbe1801488cfacae .av-subheading{\nfont-size:15px;\n}\n<\/style>\n<div  class='av-special-heading av-klj57n69-ad1bc31acda61a92cbe1801488cfacae av-special-heading-h2 blockquote modern-quote  avia-builder-el-5  el_before_av_textblock  avia-builder-el-first '><h2 class='av-special-heading-tag '  itemprop=\"headline\"  >Main department of orthopedics, trauma surgery<\/h2><div class=\"special-heading-border\"><div class=\"special-heading-inner-border\"><\/div><\/div><\/div>\n<section  class='av_textblock_section av-klhwahjr-386462a2e8813092b9f2dd2cc6d15191 '   itemscope=\"itemscope\" itemtype=\"https:\/\/schema.org\/CreativeWork\" ><div class='avia_textblock'  itemprop=\"text\" ><p>Since 2020 Prof. Dr. med. Philip Schoettle the main department for orthopedics and trauma surgery at the Iatros Clinic in Munich.<\/p>\n<p><a href=\"http:\/\/www.prof-schoettle.de\/\">Prof. Dr. med. Philip Sch\u00f6ttle <\/a>is also the medical director of the Knee and Health Institute in the city center &#8211; an institute that specializes in both orthopedics and regenerative medicine.<\/p>\n<\/div><\/section>\n<\/div><\/div><\/div><!-- close content main div --><\/div><\/div><div id='after_section_2'  class='main_color av_default_container_wrap container_wrap fullsize'  ><div class='container av-section-cont-open' ><div class='template-page content  av-content-full alpha units'><div class='post-entry post-entry-type-page post-entry-3719'><div class='entry-content-wrapper clearfix'>\n<style type=\"text\/css\" data-created_by=\"avia_inline_auto\" id=\"style-css-av-klhxelfg-75542c6f13ef139fcd9dec66ab347bf5\">\n.flex_column.av-klhxelfg-75542c6f13ef139fcd9dec66ab347bf5{\nborder-radius:0px 0px 0px 0px;\npadding:30px 30px 30px 30px;\nbackground-color:#f7f7f7;\n}\n<\/style>\n<div  class='flex_column av-klhxelfg-75542c6f13ef139fcd9dec66ab347bf5 av_one_full  avia-builder-el-7  el_after_av_section  el_before_av_one_full  avia-builder-el-first  first flex_column_div  '     ><section  class='av_textblock_section av-klhxf6a2-e05ccbdaf9700d60f37d98159985c9d2 '   itemscope=\"itemscope\" itemtype=\"https:\/\/schema.org\/CreativeWork\" ><div class='avia_textblock'  itemprop=\"text\" ><p>Prof. Dr. med. Philip Sch\u00f6ttle studied human medicine in Munich and from 1999 became a specialist at the Rechts der Isar Clinic of the Technical University of Munich and the H\u00f4pital Ambroise-Par\u00e9 of the Universit\u00e9 de Paris V, the Balgrist Orthopedic University Clinic in Zurich and the Center for Musculoskeletal Surgery at the Charit\u00e9 &#8211; Universit\u00e4tsmedizin Berlin Orthopedics trained.<\/p>\n<p>From 2005 to 2006 he conducted research at the Julius Wolff Institute for Surgery at the Charit\u00e9 Berlin on the cause and elimination of patella instability, which he wrote his professorship on in 2006.<\/p>\n<p>Subsequently, he was a senior doctor and head of the knee surgery section at the Klinikum rechts der Isar of the Technical University of Munich, followed by the position of director of the joint center in Zurich.<\/p>\n<\/div><\/section><\/div>\n<style type=\"text\/css\" data-created_by=\"avia_inline_auto\" id=\"style-css-av-2vb7p9-b8bec5456ef35cb659bd802f092550d7\">\n.flex_column.av-2vb7p9-b8bec5456ef35cb659bd802f092550d7{\nborder-radius:0px 0px 0px 0px;\npadding:0px 0px 0px 0px;\n}\n<\/style>\n<div  class='flex_column av-2vb7p9-b8bec5456ef35cb659bd802f092550d7 av_one_full  avia-builder-el-9  el_after_av_one_full  avia-builder-el-last  first flex_column_div av-zero-column-padding  column-top-margin'     ><section  class='av_textblock_section av-klhvtat2-d8466e5842230eea044a3fdda8bb1202 '   itemscope=\"itemscope\" itemtype=\"https:\/\/schema.org\/CreativeWork\" ><div class='avia_textblock'  itemprop=\"text\" ><p><video src=\"https:\/\/www.knie.expert\/wp-content\/uploads\/2019\/06\/prof_dr_med_philip_schoettle.mp4\" controls=\"controls\" width=\"100%\" height=\"150\"><\/video><a href=\"https:\/\/www.knie.expert\/kreuzband-op-muenchen\/\" target=\"_blank\" rel=\"noopener noreferrer\"><br \/>\n<\/a><\/p>\n<p>While all orthopedic and sports medical diseases are treated conservatively and regeneratively at the Knee and Health Institute, Prof. Schoettle and his team at the Iatros Clinic are mainly active in knee surgery.<\/p>\n<p>The operative spectrum includes the following interventions:<\/p>\n<p><a href=\"https:\/\/www.knie.expert\/kreuzband-op-muenchen\/\" target=\"_blank\" rel=\"noopener noreferrer\">Vordere und hintere Kreuzbandoperationen<\/a><\/p>\n<ul>\n<li><a href=\"https:\/\/www.knie.expert\/kreuzband-op-muenchen\/\" target=\"_blank\" rel=\"noopener noreferrer\">Kreuzbanderhaltende Operationen: Er gilt als Mitbegr\u00fcnder der kreuzbanderhaltenden \u201eBracing\u201c Technik, um eine schnelle R\u00fcckkehr zu Ihrer Profession zu erm\u00f6glichen<\/a>\u00a0(<a href=\"https:\/\/www.youtube.com\/watch?v=paTPCJiS244\" target=\"_blank\" rel=\"noopener noreferrer\">https:\/\/www.youtube.com\/watch?v=paTPCJiS244<\/a>)<\/li>\n<\/ul>\n<ul>\n<li><a href=\"https:\/\/www.knie.expert\/meniskus-op-muenchen\/\" target=\"_blank\" rel=\"noopener noreferrer\">Meniskus<\/a>\u2013 und\u00a0<a href=\"https:\/\/www.knie.expert\/knorpelschaden-op-muenchen\/\" target=\"_blank\" rel=\"noopener noreferrer\">Knorpelchirurgie, inkl. Transplantationen<\/a><\/li>\n<li><a href=\"https:\/\/www.knie.expert\/fehlstellungen-knie\/\" target=\"_blank\" rel=\"noopener noreferrer\">Achskorrekturen am Ober- und Unterschenkel<\/a>\u00a0(<a href=\"https:\/\/www.youtube.com\/watch?v=ht8NOPNSJ9k\" target=\"_blank\" rel=\"noopener noreferrer\">https:\/\/www.youtube.com\/watch?v=ht8NOPNSJ9k<\/a>)<\/li>\n<li><a href=\"https:\/\/www.knie.expert\/patellaluxation\/\" target=\"_blank\" rel=\"noopener noreferrer\">Operationen zur Stabilisierung bei komplexer Instabilit\u00e4t der Kniescheibe<\/a><br \/>\n(<a href=\"https:\/\/www.knie.expert\/mpfl-rekonstruktion\/\" target=\"_blank\" rel=\"noopener noreferrer\">MPFL Rekonstruktion<\/a>,\u00a0<a href=\"https:\/\/www.knie.expert\/trochleaplastik\/\" target=\"_blank\" rel=\"noopener noreferrer\">Trochleaplastik<\/a>, Femurosteotomie)<\/li>\n<\/ul>\n<ul>\n<li><a href=\"https:\/\/www.knie.expert\/arthrose-kniescheibe\/\" target=\"_blank\" rel=\"noopener noreferrer\">Individueller Gelenkersatz bei patellofemoraler Arthrose<\/a><\/li>\n<li><a href=\"https:\/\/www.knie.expert\/kniearthrose-muenchen\/\" target=\"_blank\" rel=\"noopener noreferrer\">Ma\u00dfgeschneiderter Gelenkersatz mit Mini-, und Teilprothesen<\/a><\/li>\n<li><a href=\"https:\/\/www.knie.expert\/kniearthrose-muenchen\/\" target=\"_blank\" rel=\"noopener noreferrer\">Totaler Gelenkersatz in \u201eligament-balancierter\u201c Technik<\/a><\/li>\n<li><a href=\"https:\/\/www.knie.expert\/schmerzhafte-knieprothese\/\" target=\"_blank\" rel=\"noopener noreferrer\">Prothesenwechsel bei schmerzhaftem, bewegungseingeschr\u00e4nktem oder instabilem Gelenkersatz<\/a><\/li>\n<\/ul>\n<p>Thanks to the well-rehearsed team of specially trained surgical nurses and the knowledge of anesthesia and, above all, of the nursing team about the respective interventions and the possibility of being able to work with their own physio team, our patients receive 360 \u00b0 therapy with rapid healing.<\/p>\n<\/div><\/section><\/div><\/p>\n","protected":false},"excerpt":{"rendered":"","protected":false},"author":6,"featured_media":0,"parent":0,"menu_order":2,"comment_status":"closed","ping_status":"closed","template":"","meta":{"inline_featured_image":false,"footnotes":""},"class_list":["post-3719","page","type-page","status-publish","hentry"],"yoast_head":"<!-- This site is optimized with the Yoast SEO plugin v24.9 - https:\/\/yoast.com\/wordpress\/plugins\/seo\/ -->\n<title>Orthopedics - iatros clinic<\/title>\n<meta name=\"robots\" content=\"index, follow, max-snippet:-1, max-image-preview:large, max-video-preview:-1\" \/>\n<link rel=\"canonical\" href=\"https:\/\/www.iatros-klinik.de\/orthopaedie\/\" \/>\n<meta property=\"og:locale\" content=\"en_US\" \/>\n<meta property=\"og:type\" content=\"article\" \/>\n<meta property=\"og:title\" content=\"Orthopedics - iatros clinic\" \/>\n<meta property=\"og:url\" content=\"https:\/\/www.iatros-klinik.de\/orthopaedie\/\" \/>\n<meta property=\"og:site_name\" content=\"iatros clinic\" \/>\n<meta property=\"article:modified_time\" content=\"2021-02-24T08:01:43+00:00\" \/>\n<meta name=\"twitter:card\" content=\"summary_large_image\" \/>\n<meta name=\"twitter:label1\" content=\"Est. reading time\" \/>\n\t<meta name=\"twitter:data1\" content=\"7 minutes\" \/>\n<script type=\"application\/ld+json\" class=\"yoast-schema-graph\">{\"@context\":\"https:\/\/schema.org\",\"@graph\":[{\"@type\":\"WebPage\",\"@id\":\"https:\/\/www.iatros-klinik.de\/orthopaedie\/\",\"url\":\"https:\/\/www.iatros-klinik.de\/orthopaedie\/\",\"name\":\"Orthopedics - iatros clinic\",\"isPartOf\":{\"@id\":\"https:\/\/www.iatros-klinik.de\/#website\"},\"datePublished\":\"2021-02-23T10:44:33+00:00\",\"dateModified\":\"2021-02-24T08:01:43+00:00\",\"breadcrumb\":{\"@id\":\"https:\/\/www.iatros-klinik.de\/orthopaedie\/#breadcrumb\"},\"inLanguage\":\"en-US\",\"potentialAction\":[{\"@type\":\"ReadAction\",\"target\":[\"https:\/\/www.iatros-klinik.de\/orthopaedie\/\"]}]},{\"@type\":\"BreadcrumbList\",\"@id\":\"https:\/\/www.iatros-klinik.de\/orthopaedie\/#breadcrumb\",\"itemListElement\":[{\"@type\":\"ListItem\",\"position\":1,\"name\":\"Startseite\",\"item\":\"https:\/\/www.iatros-klinik.de\/\"},{\"@type\":\"ListItem\",\"position\":2,\"name\":\"Orthopedics\"}]},{\"@type\":\"WebSite\",\"@id\":\"https:\/\/www.iatros-klinik.de\/#website\",\"url\":\"https:\/\/www.iatros-klinik.de\/\",\"name\":\"iatros clinic\",\"description\":\"nymphenburger stra\u00dfe 1 \u00b7\u00a080335 munich\",\"potentialAction\":[{\"@type\":\"SearchAction\",\"target\":{\"@type\":\"EntryPoint\",\"urlTemplate\":\"https:\/\/www.iatros-klinik.de\/?s={search_term_string}\"},\"query-input\":{\"@type\":\"PropertyValueSpecification\",\"valueRequired\":true,\"valueName\":\"search_term_string\"}}],\"inLanguage\":\"en-US\"}]}<\/script>\n<!-- \/ Yoast SEO plugin. -->","yoast_head_json":{"title":"Orthopedics - iatros clinic","robots":{"index":"index","follow":"follow","max-snippet":"max-snippet:-1","max-image-preview":"max-image-preview:large","max-video-preview":"max-video-preview:-1"},"canonical":"https:\/\/www.iatros-klinik.de\/orthopaedie\/","og_locale":"en_US","og_type":"article","og_title":"Orthopedics - iatros clinic","og_url":"https:\/\/www.iatros-klinik.de\/orthopaedie\/","og_site_name":"iatros clinic","article_modified_time":"2021-02-24T08:01:43+00:00","twitter_card":"summary_large_image","twitter_misc":{"Est. reading time":"7 minutes"},"schema":{"@context":"https:\/\/schema.org","@graph":[{"@type":"WebPage","@id":"https:\/\/www.iatros-klinik.de\/orthopaedie\/","url":"https:\/\/www.iatros-klinik.de\/orthopaedie\/","name":"Orthopedics - iatros clinic","isPartOf":{"@id":"https:\/\/www.iatros-klinik.de\/#website"},"datePublished":"2021-02-23T10:44:33+00:00","dateModified":"2021-02-24T08:01:43+00:00","breadcrumb":{"@id":"https:\/\/www.iatros-klinik.de\/orthopaedie\/#breadcrumb"},"inLanguage":"en-US","potentialAction":[{"@type":"ReadAction","target":["https:\/\/www.iatros-klinik.de\/orthopaedie\/"]}]},{"@type":"BreadcrumbList","@id":"https:\/\/www.iatros-klinik.de\/orthopaedie\/#breadcrumb","itemListElement":[{"@type":"ListItem","position":1,"name":"Startseite","item":"https:\/\/www.iatros-klinik.de\/"},{"@type":"ListItem","position":2,"name":"Orthopedics"}]},{"@type":"WebSite","@id":"https:\/\/www.iatros-klinik.de\/#website","url":"https:\/\/www.iatros-klinik.de\/","name":"iatros clinic","description":"nymphenburger stra\u00dfe 1 \u00b7\u00a080335 munich","potentialAction":[{"@type":"SearchAction","target":{"@type":"EntryPoint","urlTemplate":"https:\/\/www.iatros-klinik.de\/?s={search_term_string}"},"query-input":{"@type":"PropertyValueSpecification","valueRequired":true,"valueName":"search_term_string"}}],"inLanguage":"en-US"}]}},"_links":{"self":[{"href":"https:\/\/www.iatros-klinik.de\/en\/wp-json\/wp\/v2\/pages\/3719","targetHints":{"allow":["GET"]}}],"collection":[{"href":"https:\/\/www.iatros-klinik.de\/en\/wp-json\/wp\/v2\/pages"}],"about":[{"href":"https:\/\/www.iatros-klinik.de\/en\/wp-json\/wp\/v2\/types\/page"}],"author":[{"embeddable":true,"href":"https:\/\/www.iatros-klinik.de\/en\/wp-json\/wp\/v2\/users\/6"}],"replies":[{"embeddable":true,"href":"https:\/\/www.iatros-klinik.de\/en\/wp-json\/wp\/v2\/comments?post=3719"}],"version-history":[{"count":3,"href":"https:\/\/www.iatros-klinik.de\/en\/wp-json\/wp\/v2\/pages\/3719\/revisions"}],"predecessor-version":[{"id":3801,"href":"https:\/\/www.iatros-klinik.de\/en\/wp-json\/wp\/v2\/pages\/3719\/revisions\/3801"}],"wp:attachment":[{"href":"https:\/\/www.iatros-klinik.de\/en\/wp-json\/wp\/v2\/media?parent=3719"}],"curies":[{"name":"wp","href":"https:\/\/api.w.org\/{rel}","templated":true}]}}