{"id":79,"date":"2021-01-16T13:23:03","date_gmt":"2021-01-16T12:23:03","guid":{"rendered":"https:\/\/www.iatros-klinik.de\/?page_id=79"},"modified":"2026-03-09T13:32:03","modified_gmt":"2026-03-09T11:32:03","slug":"karriere","status":"publish","type":"page","link":"https:\/\/www.iatros-klinik.de\/en\/karriere\/","title":{"rendered":"Karriere"},"content":{"rendered":"\n<style type=\"text\/css\" data-created_by=\"avia_inline_auto\" id=\"style-css-av-2d3bz-6d527873006e7f37c2e35408f007a78e\">\n#top .av-special-heading.av-2d3bz-6d527873006e7f37c2e35408f007a78e{\npadding-bottom:10px;\n}\nbody .av-special-heading.av-2d3bz-6d527873006e7f37c2e35408f007a78e .av-special-heading-tag .heading-char{\nfont-size:25px;\n}\n.av-special-heading.av-2d3bz-6d527873006e7f37c2e35408f007a78e .av-subheading{\nfont-size:15px;\n}\n<\/style>\n<div  class='av-special-heading av-2d3bz-6d527873006e7f37c2e35408f007a78e av-special-heading-h1 blockquote modern-quote  avia-builder-el-0  el_before_av_toggle_container  avia-builder-el-first '><h1 class='av-special-heading-tag '  itemprop=\"headline\"  >Zur Zeit suchen wir:<\/h1><div class=\"special-heading-border\"><div class=\"special-heading-inner-border\"><\/div><\/div><\/div>\n<div  class='togglecontainer av-kkmkljy6-08380f3e31e4e6b74201a5ebc3278084  avia-builder-el-1  el_after_av_heading  avia-builder-el-last  toggle_close_all' >\n<section class='av_toggle_section av-3nkxz-73f2c0c3aabddb0a07e5383b8aaee255'  itemscope=\"itemscope\" itemtype=\"https:\/\/schema.org\/CreativeWork\" ><div role=\"tablist\" class=\"single_toggle\" data-tags=\"{All} \"  ><p id='toggle-toggle-id-1' data-fake-id='#toggle-id-1' class='toggler  av-title-above '  itemprop=\"headline\"  role='tab' tabindex='0' aria-controls='toggle-id-1' data-slide-speed=\"200\" data-title=\"Assistenz\u00e4rztin\/ Assistenzarzt f\u00fcr Allgemeinmedizin \/ An\u00e4sthesiologie\" data-title-open=\"\" data-aria_collapsed=\"Click to expand: Assistenz\u00e4rztin\/ Assistenzarzt f\u00fcr Allgemeinmedizin \/ An\u00e4sthesiologie\" data-aria_expanded=\"Click to collapse: Assistenz\u00e4rztin\/ Assistenzarzt f\u00fcr Allgemeinmedizin \/ An\u00e4sthesiologie\">Assistenz\u00e4rztin\/ Assistenzarzt f\u00fcr Allgemeinmedizin \/ An\u00e4sthesiologie<span class=\"toggle_icon\"><span class=\"vert_icon\"><\/span><span class=\"hor_icon\"><\/span><\/span><\/p><div id='toggle-id-1' aria-labelledby='toggle-toggle-id-1' role='region' class='toggle_wrap  av-title-above'  ><div class='toggle_content invers-color '  itemprop=\"text\" ><p><strong>Zum n\u00e4chstm\u00f6glichen Termin suchen wir<\/strong><\/p>\n<p>Assistenz\u00e4rztin\/ Assistenzarzt f\u00fcr Allgemeinmedizin \/ An\u00e4sthesiologie (Nur Vollapprobation, \u00a710 Erlaubnis leider nicht ausreichend)<\/p>\n<p><strong>Weiterbildungsstelle An\u00e4sthesie und\/ oder Allgemeinmedizin \u2013 jeweils 18 Monate<\/strong><\/p>\n<p>Wir sind eine operative Privatklinik im Zentrum von M\u00fcnchen. In unserem Haus werden jedes Jahr \u00fcber 8000 Eingriffe (ambulant und station\u00e4r) aus einem sehr breiten Spektrum verschiedenster Fachgebieten durchgef\u00fchrt: Orthop\u00e4die, Unfallchirurgie, Plastische Chirurgie, Gyn\u00e4kologie, HNO, Augenheilkunde, Neurochirurgie, Urologie.<\/p>\n<p>Wir suchen aufgeschlossene und interessierte KollegInnen, die in einem famili\u00e4ren Team gute Medizin machen wollen. Die Stelle ist geeignet als Einstieg zur Fachweiterbildung An\u00e4sthesiologie, aber auch f\u00fcr all diejenigen, denen es auf ihrem \u00e4rztlichen Lebensweg wichtig ist, Professionalit\u00e4t in vitalen Grenzbereichen zu erhalten (Atemwegsmanagement, Beatmung, Umgang mit Bewusstlosen, Anlage von Zug\u00e4ngen, Pharmakologie hochpotenter i.v. Medikamente\u2026\u2026). Die 18 Monate Weiterbildung w\u00fcrden sich auch ohne Einschr\u00e4nkung auf die Allgemeinmedizin anrechnen lassen.<\/p>\n<p><strong>Wir bieten:<\/strong><\/p>\n<ul>\n<li>Kleines, famili\u00e4res Team mit flachen Hierarchien, in dem Berufsanf\u00e4nger behutsam an ihre Aufgaben herangef\u00fchrt werden<\/li>\n<li>Keine Nachtdienste, keine Wochenenddienste, keine Dienste an Feiertagen<\/li>\n<li>Standardisiertes Einarbeitungsprogramm<\/li>\n<li>Regelm\u00e4\u00dfige Fortbildungen<\/li>\n<li>Abwechslungsreiche T\u00e4tigkeit<\/li>\n<li>Sonographisch gesteuerte Regionalan\u00e4sthesie<\/li>\n<li>Durchf\u00fchrung von ca. 1800 Allgemeinan\u00e4sthesien<\/li>\n<li>Unterst\u00fctzung bei der Vermittlung einer Anschlussstelle<\/li>\n<\/ul>\n<p><strong>Haben wir Ihr Interesse geweckt?<\/strong><\/p>\n<p>Rufen Sie uns an, lernen Sie uns kennen. Interessenten sind jederzeit herzlich eingeladen, bei uns zu hospitieren und sich vor Ort ein Bild zu machen. Wir freuen uns auf Sie!<\/p>\n<p>Dr. Christina Schoner<\/p>\n<p>Tel:\u00a0\u00a0\u00a0\u00a0\u00a0 089-46135621 oder per Mail: c.schoner@iatros-klinik.de<\/p>\n<p>MVZ Iatros GmbH<\/p>\n<p>Iatros Klinik GmbH<\/p>\n<\/div><\/div><\/div><\/section>\n<section class='av_toggle_section av-5gwb-858a113c082e9484839ff1ba81d7b610'  itemscope=\"itemscope\" itemtype=\"https:\/\/schema.org\/CreativeWork\" ><div role=\"tablist\" class=\"single_toggle\" data-tags=\"{All} \"  ><p id='toggle-toggle-id-2' data-fake-id='#toggle-id-2' class='toggler  av-title-above '  itemprop=\"headline\"  role='tab' tabindex='0' aria-controls='toggle-id-2' data-slide-speed=\"200\" data-title=\"OTA m\u00e4nnl.\/ weibl.; OP Schwester, m\/w\/d; Voll- oder Teilzeit\" data-title-open=\"\" data-aria_collapsed=\"Click to expand: OTA m\u00e4nnl.\/ weibl.; OP Schwester, m\/w\/d; Voll- oder Teilzeit\" data-aria_expanded=\"Click to collapse: OTA m\u00e4nnl.\/ weibl.; OP Schwester, m\/w\/d; Voll- oder Teilzeit\">OTA m\u00e4nnl.\/ weibl.; OP Schwester, m\/w\/d; Voll- oder Teilzeit<span class=\"toggle_icon\"><span class=\"vert_icon\"><\/span><span class=\"hor_icon\"><\/span><\/span><\/p><div id='toggle-id-2' aria-labelledby='toggle-toggle-id-2' role='region' class='toggle_wrap  av-title-above'  ><div class='toggle_content invers-color '  itemprop=\"text\" ><p><strong>Zum n\u00e4chstm\u00f6glichen Termin suchen wir<\/strong><\/p>\n<p><strong>OP-Pflegefachkraft, OTA, MFA mit OP-Erfahrung (m\/w\/d)<\/strong><\/p>\n<p><strong>Wer wir sind:<\/strong><\/p>\n<p>Wir sind eine moderne Privatklinik im Herzen der Maxvorstadt in M\u00fcnchen. In unseren 6 OP- S\u00e4len f\u00fchren wir jedes Jahr \u00fcber 8000 ambulante und station\u00e4re Operation durch. Wir haben ein abwechslungsreiches und interessantes Spektrum unterschiedlichster Fachrichtungen: Orthop\u00e4die, Chirurgie, Plastische Chirurgie, Augenheilkunde, HNO, Gyn\u00e4kologie, Urologie und MKG.<\/p>\n<p>Unsere Leitbilder sind Qualit\u00e4t, Menschlichkeit und stetige Verbesserung. Profitieren Sie bei uns von angenehmen Arbeitszeiten in einem netten Team, und freuen Sie sich in Zukunft Weihnachten und Silvester im Kreise Ihrer Lieben verbringen zu d\u00fcrfen.<\/p>\n<p>Wir suchen aufgeschlossene und interessierte MitarbeiterInnen, die in einem famili\u00e4ren Team gute Medizin machen wollen.<\/p>\n<p><strong>Ihr Profil:<\/strong><\/p>\n<ul>\n<li>Gesundheits- und Krankenpfleger\/-in mit Fachweiterbildung OP oder<\/li>\n<li>Abgeschlossen Ausbildung zur OTA oder<\/li>\n<li>Gesundheits- und Krankenpfleger\/-in oder MFA mit OP-Erfahrung<\/li>\n<\/ul>\n<p><strong>Ihre Aufgaben:<\/strong><\/p>\n<ul>\n<li>Instrumentieren und assistieren w\u00e4hrend und vor der Operation<\/li>\n<li>Pr\u00e4-, inter-, postoperativer Springert\u00e4tigkeit<\/li>\n<li>Selbst\u00e4ndige Organisation der Arbeitsabl\u00e4ufe<\/li>\n<\/ul>\n<p><strong>Wir bieten Ihnen:<\/strong><\/p>\n<ul>\n<li>Work-Life-Balance: kein Nachdienst, Wochenend- oder Feiertagsdienst, Br\u00fcckentage frei<\/li>\n<li>Flexible Arbeitszeitmodelle<\/li>\n<li>Benefits: Weihnachtsgeld, betriebliche Altersvorsorge, JobRad, JobTicket, kostenlose betriebliche Krankenversicherung mit attraktiven Leistungen<\/li>\n<li>Ideale Anbindung \u00d6PNV direkt an U-Bahn und Trambahnhaltestelle, Hauptbahnhofn\u00e4he<\/li>\n<li>flache Hierarchien, famili\u00e4re Atmosph\u00e4re und gegenseitige Wertsch\u00e4tzung<\/li>\n<\/ul>\n<p>F\u00fcr R\u00fcckfragen und Bewerbungen steht Ihnen Fr. Born gerne unter 089\/ 46 13 56 25 oder <a href=\"mailto:k.born@iatros-klinik.de?subject=Bewerbung%20ueber%20Stellenmarkt.de\">k.born@iatros-klinik.de<\/a> zur Verf\u00fcgung.<\/p>\n<p><a href=\"https:\/\/www.iatros-klinik.de\">www.iatros-klinik.de<\/a><\/p>\n<p>MVZ Iatros GmbH<\/p>\n<p>Iatros Klinik GmbH<\/p>\n<\/div><\/div><\/div><\/section>\n<section class='av_toggle_section av-o97j-fce49cb2c5da7bec26ffc1682a6b200a'  itemscope=\"itemscope\" itemtype=\"https:\/\/schema.org\/CreativeWork\" ><div role=\"tablist\" class=\"single_toggle\" data-tags=\"{All} \"  ><p id='toggle-toggle-id-3' data-fake-id='#toggle-id-3' class='toggler  av-title-above '  itemprop=\"headline\"  role='tab' tabindex='0' aria-controls='toggle-id-3' data-slide-speed=\"200\" data-title=\"556,- \u20ac Job - OP-Pflegefachkraft, OTA, MFA mit OP-Erfahrung (m\/w\/d)\" data-title-open=\"\" data-aria_collapsed=\"Click to expand: 556,- \u20ac Job - OP-Pflegefachkraft, OTA, MFA mit OP-Erfahrung (m\/w\/d)\" data-aria_expanded=\"Click to collapse: 556,- \u20ac Job - OP-Pflegefachkraft, OTA, MFA mit OP-Erfahrung (m\/w\/d)\">556,- \u20ac Job - OP-Pflegefachkraft, OTA, MFA mit OP-Erfahrung (m\/w\/d)<span class=\"toggle_icon\"><span class=\"vert_icon\"><\/span><span class=\"hor_icon\"><\/span><\/span><\/p><div id='toggle-id-3' aria-labelledby='toggle-toggle-id-3' role='region' class='toggle_wrap  av-title-above'  ><div class='toggle_content invers-color '  itemprop=\"text\" ><p><strong>556,- \u20ac &#8211; OP-Pflegefachkraft, OTA, MFA mit OP-Erfahrung (m\/w\/d)<\/strong><\/p>\n<p><strong>Wer wir sind:<\/strong><\/p>\n<p>Wir sind eine moderne Privatklinik im Herzen der Maxvorstadt in M\u00fcnchen. In unseren 6 OP- S\u00e4len f\u00fchren wir jedes Jahr \u00fcber 8000 ambulante und station\u00e4re Operation durch. Wir haben ein abwechslungsreiches und interessantes Spektrum unterschiedlichster Fachrichtungen: Orthop\u00e4die, Chirurgie, Plastische Chirurgie, Augenheilkunde, HNO, Gyn\u00e4kologie, Urologie und MKG.<\/p>\n<p>Unsere Leitbilder sind Qualit\u00e4t, Menschlichkeit und stetige Verbesserung. Profitieren Sie bei uns von angenehmen Arbeitszeiten in einem netten Team, und freuen Sie sich in Zukunft Weihnachten und Silvester im Kreise Ihrer Lieben verbringen zu d\u00fcrfen.<\/p>\n<p>Wir suchen aufgeschlossene und interessierte MitarbeiterInnen, die in einem famili\u00e4ren Team gute Medizin machen wollen.<\/p>\n<p><strong>Ihr Profil:<\/strong><\/p>\n<ul>\n<li>Gesundheits- und Krankenpfleger\/-in mit Fachweiterbildung OP oder<\/li>\n<li>Abgeschlossen Ausbildung zur OTA oder<\/li>\n<li>Gesundheits- und Krankenpfleger\/-in oder MFA mit OP-Erfahrung<\/li>\n<\/ul>\n<p><strong>Ihre Aufgaben:<\/strong><\/p>\n<ul>\n<li>Instrumentieren und assistieren w\u00e4hrend und vor der Operation<\/li>\n<li>Pr\u00e4-, inter-, postoperativer Springert\u00e4tigkeit<\/li>\n<li>Selbst\u00e4ndige Organisation der Arbeitsabl\u00e4ufe<\/li>\n<\/ul>\n<p><strong>Wir bieten Ihnen:<\/strong><\/p>\n<ul>\n<li>Work-Life-Balance: kein Nachdienst, Wochenend- oder Feiertagsdienst, Br\u00fcckentage frei<\/li>\n<li>Flexible Arbeitszeitmodelle<\/li>\n<li>Ideale Anbindung \u00d6PNV direkt an U-Bahn und Trambahnhaltestelle, Hauptbahnhofn\u00e4he<\/li>\n<li>flache Hierarchien, famili\u00e4re Atmosph\u00e4re und gegenseitige Wertsch\u00e4tzung<\/li>\n<\/ul>\n<p>F\u00fcr R\u00fcckfragen und Bewerbungen steht Ihnen Fr. Born gerne unter 089\/ 46 13 56 25 oder <a href=\"mailto:k.born@iatros-klinik.de?subject=Bewerbung%20ueber%20Stellenmarkt.de\">k.born@iatros-klinik.de<\/a> zur Verf\u00fcgung.<\/p>\n<p><a href=\"https:\/\/www.iatros-klinik.de\">www.iatros-klinik.de<\/a><\/p>\n<p>MVZ Iatros GmbH<\/p>\n<p>Iatros Klinik GmbH<\/p>\n<\/div><\/div><\/div><\/section>\n<section class='av_toggle_section av-mdyaaik5-c871479fbfbb41b4d59d9efea3c41e56'  itemscope=\"itemscope\" itemtype=\"https:\/\/schema.org\/CreativeWork\" ><div role=\"tablist\" class=\"single_toggle\" data-tags=\"{All} \"  ><p id='toggle-toggle-id-4' data-fake-id='#toggle-id-4' class='toggler  av-title-above '  itemprop=\"headline\"  role='tab' tabindex='0' aria-controls='toggle-id-4' data-slide-speed=\"200\" data-title=\"berufserfahrene Technische Sterilisationsassistenz, Fachkunde 1 (m\/w\/d)\" data-title-open=\"\" data-aria_collapsed=\"Click to expand: berufserfahrene Technische Sterilisationsassistenz, Fachkunde 1 (m\/w\/d)\" data-aria_expanded=\"Click to collapse: berufserfahrene Technische Sterilisationsassistenz, Fachkunde 1 (m\/w\/d)\">berufserfahrene Technische Sterilisationsassistenz, Fachkunde 1 (m\/w\/d)<span class=\"toggle_icon\"><span class=\"vert_icon\"><\/span><span class=\"hor_icon\"><\/span><\/span><\/p><div id='toggle-id-4' aria-labelledby='toggle-toggle-id-4' role='region' class='toggle_wrap  av-title-above'  ><div class='toggle_content invers-color '  itemprop=\"text\" ><p>Wir sind eine moderne Privatklinik im Herzen der Maxvorstadt in M\u00fcnchen. In unseren 6 OP- S\u00e4len f\u00fchren wir jedes Jahr \u00fcber 8000 ambulante und station\u00e4re Operation durch. Wir haben ein abwechslungsreiches und interessantes Spektrum unterschiedlichster Fachrichtungen: Orthop\u00e4die, Chirurgie, Plastische Chirurgie, Augenheilkunde, HNO, Gyn\u00e4kologie und Urologie.<\/p>\n<p>Unsere Leitbilder sind Qualit\u00e4t, Menschlichkeit und stetige Verbesserung. Profitieren Sie bei uns von angenehmen Arbeitszeiten in einem netten Team, und freuen Sie sich in Zukunft Weihnachten und Silvester im Kreise Ihrer Lieben verbringen zu d\u00fcrfen.<\/p>\n<p>Wir suchen aufgeschlossene und interessierte MitarbeiterInnen, die in einem famili\u00e4ren Team gute Medizin machen wollen.<\/p>\n<p><strong>Wir bieten Ihnen:<\/strong><\/p>\n<ul>\n<li>flexible Arbeitszeiten<\/li>\n<li>Weihnachten und Silvester frei<\/li>\n<li>Weihnachtsgeld<\/li>\n<li>Benefit-Leistungen: \u00dcbernahme Kosten \u00d6PNV, betriebliche Altersvorsorge, betriebliche Krankenzusatzversicherung mit attraktiven Leistungen, Job-Rad mit AG-Zuschuss, Teilnahme Corporate benefit<\/li>\n<li>ideale Anbindung an \u00d6PNV-direkt an U-Bahn und Tram, Hauptbahnhofn\u00e4he<\/li>\n<\/ul>\n<p><strong>Ihre Aufgaben:<\/strong><\/p>\n<ul>\n<li>Fachgerechte Sterilisation und Freigabe unserer Medizinprodukte<\/li>\n<li>Packen der Instrumentensiebe nach Vorgabe<\/li>\n<li>Enge Zusammenarbeit mit dem OP-Team, Operateuren und den Kollegen anderer Abteilungen in famili\u00e4rer Atmosph\u00e4re<\/li>\n<\/ul>\n<p><strong>Ihr Profil:<\/strong><\/p>\n<ul>\n<li>Abgeschlossene Fachweiterbildung als technischer Sterilisationsassisten\/-in (Fachkunde 1)<\/li>\n<li>Mehrj\u00e4hrige Berufserfahrung in der Sterilisation<\/li>\n<\/ul>\n<p>F\u00fcr R\u00fcckfragen und Bewerbungen steht Ihnen Fr. Born gerne unter 089\/ 46 13 56 25 oder\u00a0<strong>k.born@iatros-klinik.de<\/strong>\u00a0zur Verf\u00fcgung.<\/p>\n<\/div><\/div><\/div><\/section>\n<section class='av_toggle_section av-mf3w91mv-dce63e56ca1bbd472a93844871b4e935'  itemscope=\"itemscope\" itemtype=\"https:\/\/schema.org\/CreativeWork\" ><div role=\"tablist\" class=\"single_toggle\" data-tags=\"{All} \"  ><p id='toggle-toggle-id-5' data-fake-id='#toggle-id-5' class='toggler  av-title-above '  itemprop=\"headline\"  role='tab' tabindex='0' aria-controls='toggle-id-5' data-slide-speed=\"200\" data-title=\"Gesundheits und Krankenpflegefachraft (m\/w\/d) f\u00fcr chirurgische Privatstation; Tag- und\/oder Nachtdienst\" data-title-open=\"\" data-aria_collapsed=\"Click to expand: Gesundheits und Krankenpflegefachraft (m\/w\/d) f\u00fcr chirurgische Privatstation; Tag- und\/oder Nachtdienst\" data-aria_expanded=\"Click to collapse: Gesundheits und Krankenpflegefachraft (m\/w\/d) f\u00fcr chirurgische Privatstation; Tag- und\/oder Nachtdienst\">Gesundheits und Krankenpflegefachraft (m\/w\/d) f\u00fcr chirurgische Privatstation; Tag- und\/oder Nachtdienst<span class=\"toggle_icon\"><span class=\"vert_icon\"><\/span><span class=\"hor_icon\"><\/span><\/span><\/p><div id='toggle-id-5' aria-labelledby='toggle-toggle-id-5' role='region' class='toggle_wrap  av-title-above'  ><div class='toggle_content invers-color '  itemprop=\"text\" ><p>Wer wir sind:<\/p>\n<p>Wir sind eine moderne Privatklinik im Herzen der Maxvorstadt in M\u00fcnchen. In unseren 6 OP- S\u00e4len f\u00fchren wir jedes Jahr \u00fcber 8000 ambulante und station\u00e4re Operation durch. Wir haben ein abwechslungsreiches und interessantes Spektrum unterschiedlichster Fachrichtungen: Orthop\u00e4die, Chirurgie, Plastische Chirurgie, Augenheilkunde, HNO, Gyn\u00e4kologie, Urologie und MKG. Unsere beiden Bettenstationen verf\u00fcgen \u00fcber insgesamt 17 Betten.<\/p>\n<p>Unsere Leitbilder sind Qualit\u00e4t, Menschlichkeit und stetige Verbesserung. Profitieren Sie bei uns von angenehmen Arbeitszeiten in einem netten Team, und freuen Sie sich in Zukunft Weihnachten und Silvester im Kreise Ihrer Lieben verbringen zu d\u00fcrfen.<\/p>\n<p>Wir suchen aufgeschlossene und interessierte MitarbeiterInnen, die in einem famili\u00e4ren Team gute Medizin machen wollen.<\/p>\n<p>Ihr Profil:<\/p>\n<ul>\n<li>Abgeschlossene Ausbildung als Gesundheits- und Krankenpfleger (m\/w\/d)<\/li>\n<li>Freude an teamorientierter und fach\u00fcbergreifender Zusammenarbeit in einem hochklassigen Umfeld<\/li>\n<\/ul>\n<p>Ihre Aufgaben:<\/p>\n<ul>\n<li>Versorgung von Patienten nach elektiven Eingriffen; \u00fcberwiegend Kurzlieger<\/li>\n<li>Enge Zusammenarbeit mit der Gesch\u00e4ftsf\u00fchrung, Operateuren und den Kollegen anderer Abteilungen in famili\u00e4rer Atmosph\u00e4re<\/li>\n<\/ul>\n<p>Wir bieten Ihnen:<\/p>\n<ul>\n<li>flexible Arbeitszeiten<\/li>\n<li>Weihnachtsgeld<\/li>\n<li>Weihnachten und Silvester frei!<\/li>\n<li>Attraktive Benefit-Leistungen: Zuschuss zur betrieblichen Altersvorsorge, kostenlose betriebliche Krankenzusatzversicherung mit attraktiven Leistungen, kostenloses MVG-Ticket, Zuschuss zum Job-Rad, Corporate Benefit<\/li>\n<li>ideal Anbindung \u00d6PNV- direkt an U-Bahn und Tram<\/li>\n<\/ul>\n<p>F\u00fcr R\u00fcckfragen und Bewerbungen steht Ihnen Fr. Born gerne unter 089\/ 46 13 56 25 oder\u00a0<strong>k.born@iatros-klinik.de<\/strong>\u00a0zur Verf\u00fcgung.<\/p>\n<\/div><\/div><\/div><\/section>\n<\/div>\n","protected":false},"excerpt":{"rendered":"","protected":false},"author":1,"featured_media":0,"parent":0,"menu_order":23,"comment_status":"closed","ping_status":"closed","template":"","meta":{"inline_featured_image":false,"footnotes":""},"class_list":["post-79","page","type-page","status-publish","hentry"],"yoast_head":"<!-- This site is optimized with the Yoast SEO plugin v24.9 - https:\/\/yoast.com\/wordpress\/plugins\/seo\/ -->\n<title>Karriere - iatros clinic<\/title>\n<meta name=\"robots\" content=\"index, follow, max-snippet:-1, max-image-preview:large, max-video-preview:-1\" \/>\n<link rel=\"canonical\" href=\"https:\/\/www.iatros-klinik.de\/en\/karriere\/\" \/>\n<meta property=\"og:locale\" content=\"en_US\" \/>\n<meta property=\"og:type\" content=\"article\" \/>\n<meta property=\"og:title\" content=\"Karriere - iatros clinic\" \/>\n<meta property=\"og:url\" content=\"https:\/\/www.iatros-klinik.de\/en\/karriere\/\" \/>\n<meta property=\"og:site_name\" content=\"iatros clinic\" \/>\n<meta property=\"article:modified_time\" content=\"2026-03-09T11:32:03+00:00\" \/>\n<meta name=\"twitter:card\" content=\"summary_large_image\" \/>\n<meta name=\"twitter:label1\" content=\"Est. reading time\" \/>\n\t<meta name=\"twitter:data1\" content=\"8 minutes\" \/>\n<script type=\"application\/ld+json\" class=\"yoast-schema-graph\">{\"@context\":\"https:\/\/schema.org\",\"@graph\":[{\"@type\":\"WebPage\",\"@id\":\"https:\/\/www.iatros-klinik.de\/en\/karriere\/\",\"url\":\"https:\/\/www.iatros-klinik.de\/en\/karriere\/\",\"name\":\"Karriere - iatros clinic\",\"isPartOf\":{\"@id\":\"https:\/\/www.iatros-klinik.de\/#website\"},\"datePublished\":\"2021-01-16T12:23:03+00:00\",\"dateModified\":\"2026-03-09T11:32:03+00:00\",\"breadcrumb\":{\"@id\":\"https:\/\/www.iatros-klinik.de\/en\/karriere\/#breadcrumb\"},\"inLanguage\":\"en-US\",\"potentialAction\":[{\"@type\":\"ReadAction\",\"target\":[\"https:\/\/www.iatros-klinik.de\/en\/karriere\/\"]}]},{\"@type\":\"BreadcrumbList\",\"@id\":\"https:\/\/www.iatros-klinik.de\/en\/karriere\/#breadcrumb\",\"itemListElement\":[{\"@type\":\"ListItem\",\"position\":1,\"name\":\"Startseite\",\"item\":\"https:\/\/www.iatros-klinik.de\/\"},{\"@type\":\"ListItem\",\"position\":2,\"name\":\"Karriere\"}]},{\"@type\":\"WebSite\",\"@id\":\"https:\/\/www.iatros-klinik.de\/#website\",\"url\":\"https:\/\/www.iatros-klinik.de\/\",\"name\":\"iatros clinic\",\"description\":\"nymphenburger stra\u00dfe 1 \u00b7\u00a080335 munich\",\"potentialAction\":[{\"@type\":\"SearchAction\",\"target\":{\"@type\":\"EntryPoint\",\"urlTemplate\":\"https:\/\/www.iatros-klinik.de\/?s={search_term_string}\"},\"query-input\":{\"@type\":\"PropertyValueSpecification\",\"valueRequired\":true,\"valueName\":\"search_term_string\"}}],\"inLanguage\":\"en-US\"}]}<\/script>\n<!-- \/ Yoast SEO plugin. -->","yoast_head_json":{"title":"Karriere - iatros clinic","robots":{"index":"index","follow":"follow","max-snippet":"max-snippet:-1","max-image-preview":"max-image-preview:large","max-video-preview":"max-video-preview:-1"},"canonical":"https:\/\/www.iatros-klinik.de\/en\/karriere\/","og_locale":"en_US","og_type":"article","og_title":"Karriere - iatros clinic","og_url":"https:\/\/www.iatros-klinik.de\/en\/karriere\/","og_site_name":"iatros clinic","article_modified_time":"2026-03-09T11:32:03+00:00","twitter_card":"summary_large_image","twitter_misc":{"Est. reading time":"8 minutes"},"schema":{"@context":"https:\/\/schema.org","@graph":[{"@type":"WebPage","@id":"https:\/\/www.iatros-klinik.de\/en\/karriere\/","url":"https:\/\/www.iatros-klinik.de\/en\/karriere\/","name":"Karriere - iatros clinic","isPartOf":{"@id":"https:\/\/www.iatros-klinik.de\/#website"},"datePublished":"2021-01-16T12:23:03+00:00","dateModified":"2026-03-09T11:32:03+00:00","breadcrumb":{"@id":"https:\/\/www.iatros-klinik.de\/en\/karriere\/#breadcrumb"},"inLanguage":"en-US","potentialAction":[{"@type":"ReadAction","target":["https:\/\/www.iatros-klinik.de\/en\/karriere\/"]}]},{"@type":"BreadcrumbList","@id":"https:\/\/www.iatros-klinik.de\/en\/karriere\/#breadcrumb","itemListElement":[{"@type":"ListItem","position":1,"name":"Startseite","item":"https:\/\/www.iatros-klinik.de\/"},{"@type":"ListItem","position":2,"name":"Karriere"}]},{"@type":"WebSite","@id":"https:\/\/www.iatros-klinik.de\/#website","url":"https:\/\/www.iatros-klinik.de\/","name":"iatros clinic","description":"nymphenburger stra\u00dfe 1 \u00b7\u00a080335 munich","potentialAction":[{"@type":"SearchAction","target":{"@type":"EntryPoint","urlTemplate":"https:\/\/www.iatros-klinik.de\/?s={search_term_string}"},"query-input":{"@type":"PropertyValueSpecification","valueRequired":true,"valueName":"search_term_string"}}],"inLanguage":"en-US"}]}},"_links":{"self":[{"href":"https:\/\/www.iatros-klinik.de\/en\/wp-json\/wp\/v2\/pages\/79","targetHints":{"allow":["GET"]}}],"collection":[{"href":"https:\/\/www.iatros-klinik.de\/en\/wp-json\/wp\/v2\/pages"}],"about":[{"href":"https:\/\/www.iatros-klinik.de\/en\/wp-json\/wp\/v2\/types\/page"}],"author":[{"embeddable":true,"href":"https:\/\/www.iatros-klinik.de\/en\/wp-json\/wp\/v2\/users\/1"}],"replies":[{"embeddable":true,"href":"https:\/\/www.iatros-klinik.de\/en\/wp-json\/wp\/v2\/comments?post=79"}],"version-history":[{"count":53,"href":"https:\/\/www.iatros-klinik.de\/en\/wp-json\/wp\/v2\/pages\/79\/revisions"}],"predecessor-version":[{"id":6012,"href":"https:\/\/www.iatros-klinik.de\/en\/wp-json\/wp\/v2\/pages\/79\/revisions\/6012"}],"wp:attachment":[{"href":"https:\/\/www.iatros-klinik.de\/en\/wp-json\/wp\/v2\/media?parent=79"}],"curies":[{"name":"wp","href":"https:\/\/api.w.org\/{rel}","templated":true}]}}