{"id":4225,"date":"2021-01-30T14:55:06","date_gmt":"2021-01-30T12:55:06","guid":{"rendered":"https:\/\/www.iatros-klinik.de\/impressum\/"},"modified":"2021-02-24T17:27:39","modified_gmt":"2021-02-24T15:27:39","slug":"%d0%be%d1%82%d0%bf%d0%b5%d1%87%d0%b0%d1%82%d0%be%d0%ba","status":"publish","type":"page","link":"https:\/\/www.iatros-klinik.de\/ru\/%d0%be%d1%82%d0%bf%d0%b5%d1%87%d0%b0%d1%82%d0%be%d0%ba\/","title":{"rendered":"\u043e\u0442\u043f\u0435\u0447\u0430\u0442\u043e\u043a"},"content":{"rendered":"\n<style type=\"text\/css\" data-created_by=\"avia_inline_auto\" id=\"style-css-av-1wm9um-b3aaec5a492c37d2aac76956f584fb25\">\n.flex_column.av-1wm9um-b3aaec5a492c37d2aac76956f584fb25{\nborder-radius:0px 0px 0px 0px;\npadding:0px 0px 0px 0px;\n}\n<\/style>\n<div  class='flex_column av-1wm9um-b3aaec5a492c37d2aac76956f584fb25 av_one_full  avia-builder-el-0  el_before_av_one_fifth  avia-builder-el-first  first flex_column_div av-zero-column-padding  '     ><style type=\"text\/css\" data-created_by=\"avia_inline_auto\" id=\"style-css-av-kljld3zr-ec76ff09b61db3536f6734acf6d506ef\">\n#top .av-special-heading.av-kljld3zr-ec76ff09b61db3536f6734acf6d506ef{\nmargin:30px 0 30px 0;\npadding-bottom:10px;\n}\nbody .av-special-heading.av-kljld3zr-ec76ff09b61db3536f6734acf6d506ef .av-special-heading-tag .heading-char{\nfont-size:25px;\n}\n.av-special-heading.av-kljld3zr-ec76ff09b61db3536f6734acf6d506ef .av-subheading{\nfont-size:15px;\n}\n<\/style>\n<div  class='av-special-heading av-kljld3zr-ec76ff09b61db3536f6734acf6d506ef av-special-heading-h1 blockquote modern-quote modern-centered  avia-builder-el-1  avia-builder-el-no-sibling '><h1 class='av-special-heading-tag '  itemprop=\"headline\"  >\u043e\u0442\u043f\u0435\u0447\u0430\u0442\u043e\u043a<\/h1><div class=\"special-heading-border\"><div class=\"special-heading-inner-border\"><\/div><\/div><\/div><\/div>\n<style type=\"text\/css\" data-created_by=\"avia_inline_auto\" id=\"style-css-av-5vritq-179ca4475b331f38dfa1917e078e21d0\">\n.flex_column.av-5vritq-179ca4475b331f38dfa1917e078e21d0{\nborder-radius:0px 0px 0px 0px;\npadding:0px 0px 0px 0px;\n}\n<\/style>\n<div  class='flex_column av-5vritq-179ca4475b331f38dfa1917e078e21d0 av_one_fifth  avia-builder-el-2  el_after_av_one_full  el_before_av_three_fifth  first flex_column_div av-zero-column-padding  column-top-margin'     ><\/div><\/p>\n\n<style type=\"text\/css\" data-created_by=\"avia_inline_auto\" id=\"style-css-av-3i7j72-5f3d5b4e67e2aa0106ca3f9df1a389d9\">\n.flex_column.av-3i7j72-5f3d5b4e67e2aa0106ca3f9df1a389d9{\nborder-radius:0px 0px 0px 0px;\npadding:0px 0px 0px 0px;\n}\n<\/style>\n<div  class='flex_column av-3i7j72-5f3d5b4e67e2aa0106ca3f9df1a389d9 av_three_fifth  avia-builder-el-3  el_after_av_one_fifth  el_before_av_one_fifth  flex_column_div av-zero-column-padding  column-top-margin'     ><section  class='av_textblock_section av-klal1dx7-5f92684b7bed57511921ae57ce27aab1 '   itemscope=\"itemscope\" itemtype=\"https:\/\/schema.org\/CreativeWork\" ><div class='avia_textblock'  itemprop=\"text\" ><p><strong>Verantwortlich f\u00fcr den Inhalt:<\/strong><br \/>\nIATROS Klinik GmbH<br \/>\nDr. med. Javier del Valle, Dr. med. Michael Bernd Kaspar, Dr. med. Schmitt-Hausser<br \/>\n\u00c4rztlicher Direktor: Dr. med. Schmitt-Hausser<br \/>\nNymphenburger Str. 1<br \/>\n80335 M\u00fcnchen<br \/>\nEmail: info@iatros-klinik.de<br \/>\nInternet: www.iatros-klinik.de<\/p>\n<p><strong>Gesetzliche Berufsbezeichnung der \u00c4rzte<\/strong><br \/>\nFach\u00e4rzte f\u00fcr An\u00e4sthesiologie (verliehen in Deutschland)<br \/>\nNotfallmedizin (verliehen in Deutschland)<\/p>\n<p><strong>Beauftrgter f\u00fcr Medizinproduktesicherheit<\/strong><br \/>\nDr. Michael Kaspar, m.kaspar@iatros-klinik.de<\/p>\n<p><strong>Zust\u00e4ndige Aufsichtsbeh\u00f6rde:<\/strong><br \/>\nKassen\u00e4rztliche Vereinigung Bayern<br \/>\nBezirksstelle M\u00fcnchen Stadt und Land<br \/>\nElsenheimerstr 39<br \/>\n80687 M\u00fcnchen<br \/>\n<a title=\"http:\/\/www.kvb.de\" href=\"http:\/\/www.kvb.de\/\" target=\"_blank\" rel=\"noopener\">http:\/\/www.kvb.de<\/a><\/p>\n<p><strong>Zust\u00e4ndige Kammer:<\/strong><br \/>\nBayer. Landes\u00e4rztekammer<br \/>\nM\u00fchlbauerstr 16<br \/>\n81677 M\u00fcnchen<br \/>\n<a title=\"http:\/\/www.blaek.de\" href=\"http:\/\/www.blaek.de\/\" target=\"_blank\" rel=\"noopener\">http:\/\/www.blaek.de<\/a><\/p>\n<p><strong>Berufsrechtliche Regelungen:<\/strong><br \/>\n\u2013 Berufsordnung der Landes\u00e4rztekammer Bayern<br \/>\n\u2013 Heilberufegesetz des Landes Bayern<\/p>\n<p><strong>Haftungshinweis:<\/strong><br \/>\nMedizinische Informationen, die sich aus dieser Webseite erschliessen, k\u00f6nnen und sollen in keinem Falle eine \u00e4rztliche Beratung, Diagnose oder Behandlung ersetzen. Trotz regelm\u00e4\u00dfiger sorgf\u00e4ltiger Kontrolle des Inhalts dieser Website \u00fcbernehmen wir keine Haftung f\u00fcr die Inhalte externer Verlinkungen. F\u00fcr den Inhalt der verlinkten Seiten sind ausschlie\u00dflich deren Betreiber verantwortlich.<\/p>\n<p>Alle Rechte vorbehalten. Texte, Bilder und Illustrationen unterliegen dem Schutz des Urheberrechts und anderer Schutzgesetze. Der Inhalt dieser Internet-Anwendung darf nicht zu kommerziellen Zwecken ver\u00e4ndert, kopiert, verbreitet, oder Dritten zug\u00e4nglich gemacht werden.<\/p>\n<p><strong>Datenschutz:<\/strong><br \/>\nPersonenbezogene Daten, die uns \u00fcbermittelt werden, werden entsprechend den geltenden datenschutzrechtlichen Bestimmungen vertraulich behandelt. Die Daten werden ausschliesslich zur individuellen Betreuung oder der \u00dcbersendung von Informationen gespeichert und verarbeitet. Die Beantwortung von Fragen ist freiwillig.<\/p>\n<\/div><\/section><\/div>\n\n<style type=\"text\/css\" data-created_by=\"avia_inline_auto\" id=\"style-css-av-2j8j4e-44cc4c345446e64023dd4d0e171943a4\">\n.flex_column.av-2j8j4e-44cc4c345446e64023dd4d0e171943a4{\nborder-radius:0px 0px 0px 0px;\npadding:0px 0px 0px 0px;\n}\n<\/style>\n<div  class='flex_column av-2j8j4e-44cc4c345446e64023dd4d0e171943a4 av_one_fifth  avia-builder-el-5  el_after_av_three_fifth  avia-builder-el-last  flex_column_div av-zero-column-padding  column-top-margin'     ><\/div>\n","protected":false},"excerpt":{"rendered":"","protected":false},"author":6,"featured_media":0,"parent":0,"menu_order":46,"comment_status":"closed","ping_status":"closed","template":"","meta":{"inline_featured_image":false,"footnotes":""},"class_list":["post-4225","page","type-page","status-publish","hentry"],"yoast_head":"<!-- This site is optimized with the Yoast SEO plugin v24.9 - https:\/\/yoast.com\/wordpress\/plugins\/seo\/ -->\n<title>\u043e\u0442\u043f\u0435\u0447\u0430\u0442\u043e\u043a - iatros \u043a\u043b\u0438\u043d\u0438\u043a\u0430<\/title>\n<meta name=\"robots\" content=\"index, follow, max-snippet:-1, max-image-preview:large, max-video-preview:-1\" \/>\n<link rel=\"canonical\" href=\"https:\/\/www.iatros-klinik.de\/impressum\/\" \/>\n<meta property=\"og:locale\" content=\"ru_RU\" \/>\n<meta property=\"og:type\" content=\"article\" \/>\n<meta property=\"og:title\" content=\"\u043e\u0442\u043f\u0435\u0447\u0430\u0442\u043e\u043a - iatros \u043a\u043b\u0438\u043d\u0438\u043a\u0430\" \/>\n<meta property=\"og:url\" content=\"https:\/\/www.iatros-klinik.de\/impressum\/\" \/>\n<meta property=\"og:site_name\" content=\"iatros \u043a\u043b\u0438\u043d\u0438\u043a\u0430\" \/>\n<meta property=\"article:modified_time\" content=\"2021-02-24T15:27:39+00:00\" \/>\n<meta name=\"twitter:card\" content=\"summary_large_image\" \/>\n<meta name=\"twitter:label1\" content=\"\u041f\u0440\u0438\u043c\u0435\u0440\u043d\u043e\u0435 \u0432\u0440\u0435\u043c\u044f \u0434\u043b\u044f \u0447\u0442\u0435\u043d\u0438\u044f\" \/>\n\t<meta name=\"twitter:data1\" content=\"4 \u043c\u0438\u043d\u0443\u0442\u044b\" \/>\n<script type=\"application\/ld+json\" class=\"yoast-schema-graph\">{\"@context\":\"https:\/\/schema.org\",\"@graph\":[{\"@type\":\"WebPage\",\"@id\":\"https:\/\/www.iatros-klinik.de\/impressum\/\",\"url\":\"https:\/\/www.iatros-klinik.de\/impressum\/\",\"name\":\"\u043e\u0442\u043f\u0435\u0447\u0430\u0442\u043e\u043a - iatros \u043a\u043b\u0438\u043d\u0438\u043a\u0430\",\"isPartOf\":{\"@id\":\"https:\/\/www.iatros-klinik.de\/#website\"},\"datePublished\":\"2021-01-30T12:55:06+00:00\",\"dateModified\":\"2021-02-24T15:27:39+00:00\",\"breadcrumb\":{\"@id\":\"https:\/\/www.iatros-klinik.de\/impressum\/#breadcrumb\"},\"inLanguage\":\"ru-RU\",\"potentialAction\":[{\"@type\":\"ReadAction\",\"target\":[\"https:\/\/www.iatros-klinik.de\/impressum\/\"]}]},{\"@type\":\"BreadcrumbList\",\"@id\":\"https:\/\/www.iatros-klinik.de\/impressum\/#breadcrumb\",\"itemListElement\":[{\"@type\":\"ListItem\",\"position\":1,\"name\":\"Startseite\",\"item\":\"https:\/\/www.iatros-klinik.de\/\"},{\"@type\":\"ListItem\",\"position\":2,\"name\":\"\u043e\u0442\u043f\u0435\u0447\u0430\u0442\u043e\u043a\"}]},{\"@type\":\"WebSite\",\"@id\":\"https:\/\/www.iatros-klinik.de\/#website\",\"url\":\"https:\/\/www.iatros-klinik.de\/\",\"name\":\"iatros \u043a\u043b\u0438\u043d\u0438\u043a\u0430\",\"description\":\"nymphenburger stra\u00dfe 1 \u00b7\u00a080335 munich\",\"potentialAction\":[{\"@type\":\"SearchAction\",\"target\":{\"@type\":\"EntryPoint\",\"urlTemplate\":\"https:\/\/www.iatros-klinik.de\/?s={search_term_string}\"},\"query-input\":{\"@type\":\"PropertyValueSpecification\",\"valueRequired\":true,\"valueName\":\"search_term_string\"}}],\"inLanguage\":\"ru-RU\"}]}<\/script>\n<!-- \/ Yoast SEO plugin. -->","yoast_head_json":{"title":"\u043e\u0442\u043f\u0435\u0447\u0430\u0442\u043e\u043a - iatros \u043a\u043b\u0438\u043d\u0438\u043a\u0430","robots":{"index":"index","follow":"follow","max-snippet":"max-snippet:-1","max-image-preview":"max-image-preview:large","max-video-preview":"max-video-preview:-1"},"canonical":"https:\/\/www.iatros-klinik.de\/impressum\/","og_locale":"ru_RU","og_type":"article","og_title":"\u043e\u0442\u043f\u0435\u0447\u0430\u0442\u043e\u043a - iatros \u043a\u043b\u0438\u043d\u0438\u043a\u0430","og_url":"https:\/\/www.iatros-klinik.de\/impressum\/","og_site_name":"iatros \u043a\u043b\u0438\u043d\u0438\u043a\u0430","article_modified_time":"2021-02-24T15:27:39+00:00","twitter_card":"summary_large_image","twitter_misc":{"\u041f\u0440\u0438\u043c\u0435\u0440\u043d\u043e\u0435 \u0432\u0440\u0435\u043c\u044f \u0434\u043b\u044f \u0447\u0442\u0435\u043d\u0438\u044f":"4 \u043c\u0438\u043d\u0443\u0442\u044b"},"schema":{"@context":"https:\/\/schema.org","@graph":[{"@type":"WebPage","@id":"https:\/\/www.iatros-klinik.de\/impressum\/","url":"https:\/\/www.iatros-klinik.de\/impressum\/","name":"\u043e\u0442\u043f\u0435\u0447\u0430\u0442\u043e\u043a - iatros \u043a\u043b\u0438\u043d\u0438\u043a\u0430","isPartOf":{"@id":"https:\/\/www.iatros-klinik.de\/#website"},"datePublished":"2021-01-30T12:55:06+00:00","dateModified":"2021-02-24T15:27:39+00:00","breadcrumb":{"@id":"https:\/\/www.iatros-klinik.de\/impressum\/#breadcrumb"},"inLanguage":"ru-RU","potentialAction":[{"@type":"ReadAction","target":["https:\/\/www.iatros-klinik.de\/impressum\/"]}]},{"@type":"BreadcrumbList","@id":"https:\/\/www.iatros-klinik.de\/impressum\/#breadcrumb","itemListElement":[{"@type":"ListItem","position":1,"name":"Startseite","item":"https:\/\/www.iatros-klinik.de\/"},{"@type":"ListItem","position":2,"name":"\u043e\u0442\u043f\u0435\u0447\u0430\u0442\u043e\u043a"}]},{"@type":"WebSite","@id":"https:\/\/www.iatros-klinik.de\/#website","url":"https:\/\/www.iatros-klinik.de\/","name":"iatros \u043a\u043b\u0438\u043d\u0438\u043a\u0430","description":"nymphenburger stra\u00dfe 1 \u00b7\u00a080335 munich","potentialAction":[{"@type":"SearchAction","target":{"@type":"EntryPoint","urlTemplate":"https:\/\/www.iatros-klinik.de\/?s={search_term_string}"},"query-input":{"@type":"PropertyValueSpecification","valueRequired":true,"valueName":"search_term_string"}}],"inLanguage":"ru-RU"}]}},"_links":{"self":[{"href":"https:\/\/www.iatros-klinik.de\/ru\/wp-json\/wp\/v2\/pages\/4225","targetHints":{"allow":["GET"]}}],"collection":[{"href":"https:\/\/www.iatros-klinik.de\/ru\/wp-json\/wp\/v2\/pages"}],"about":[{"href":"https:\/\/www.iatros-klinik.de\/ru\/wp-json\/wp\/v2\/types\/page"}],"author":[{"embeddable":true,"href":"https:\/\/www.iatros-klinik.de\/ru\/wp-json\/wp\/v2\/users\/6"}],"replies":[{"embeddable":true,"href":"https:\/\/www.iatros-klinik.de\/ru\/wp-json\/wp\/v2\/comments?post=4225"}],"version-history":[{"count":3,"href":"https:\/\/www.iatros-klinik.de\/ru\/wp-json\/wp\/v2\/pages\/4225\/revisions"}],"predecessor-version":[{"id":4232,"href":"https:\/\/www.iatros-klinik.de\/ru\/wp-json\/wp\/v2\/pages\/4225\/revisions\/4232"}],"wp:attachment":[{"href":"https:\/\/www.iatros-klinik.de\/ru\/wp-json\/wp\/v2\/media?parent=4225"}],"curies":[{"name":"wp","href":"https:\/\/api.w.org\/{rel}","templated":true}]}}